{"id":9450,"date":"2025-09-24T14:58:43","date_gmt":"2025-09-24T17:58:43","guid":{"rendered":"http:\/\/150.164.63.212:9000\/portal-novo-test\/?page_id=9450"},"modified":"2025-09-24T14:58:43","modified_gmt":"2025-09-24T17:58:43","slug":"programmes-et-partenariats","status":"publish","type":"page","link":"http:\/\/150.164.63.212:9000\/portal-novo-test\/international\/programmes-et-partenariats\/","title":{"rendered":"Programmes et Partenariats"},"content":{"rendered":"\n<p>L\u2019UFMG se distingue sur la sc\u00e8ne mondiale gr\u00e2ce \u00e0 sa politique d\u2019internationalisation solide. L\u2019universit\u00e9 investit de mani\u00e8re significative et mobilise ses propres ressources humaines et mat\u00e9rielles afin d\u2019intensifier son processus d\u2019internationalisation de mani\u00e8re transversale, guid\u00e9e par des principes qui visent concilier excellence acad\u00e9mique et scientifique.<\/p>\n\n\n\n\n\t<figure data-size=\"medium\"\n\t\tclass=\"group space-y-2 data-[size=small]:w-[21rem] sm:data-[size=medium]:w-[40rem] lg:data-[size=small]:float-left lg:data-[size=small]:mr-8 mx-auto\">\n\t\t\t\t\t<img loading=\"lazy\" decoding=\"async\" width=\"640\" height=\"445\" src=\"http:\/\/150.164.63.212:9000\/portal-novo-test\/app\/uploads\/2025\/08\/14961263529_0292f962b0_o-640x445.jpg\" class=\"group-data-[size=small]:w-[21rem] group-data-[size=small]:h-[29.75rem] sm:group-data-[size=medium]:w-[40rem] sm:group-data-[size=small]:h-[27.8125rem] lg:group-data-[size=medium]:h-[27.8125rem] group-data-[size=large]:w-full group-data-[size=large]:h-[9.875rem] md:group-data-[size=large]:h-[27.8125rem] rounded object-fill\" alt=\"L&#039;image montre un plan moyen de trois drapeaux flottant sur un ciel bleu clair et lumineux. De gauche \u00e0 droite, les drapeaux sont\u00a0: le drapeau de l&#039;\u00c9tat du Minas Gerais, blanc avec un triangle rouge et la devise \u00ab\u00a0LIBERTAS QUAE SERA TAMEN\u00a0\u00bb en noir\u00a0; le drapeau national du Br\u00e9sil, avec ses couleurs vert, jaune et bleu\u00a0; et un drapeau blanc avec un embl\u00e8me circulaire noir ou fonc\u00e9, repr\u00e9sentant le sceau de l&#039;Universit\u00e9 f\u00e9d\u00e9rale du Minas Gerais (UFMG). Tous les drapeaux sont fix\u00e9s \u00e0 des m\u00e2ts m\u00e9talliques et semblent l\u00e9g\u00e8rement us\u00e9s par l&#039;usage. Le vent les a balay\u00e9s, leur donnant un aspect dynamique et ondulant. Le soleil les illumine, faisant ressortir leurs couleurs et leurs textures sur le fond bleu profond. Le bas de l&#039;image est l\u00e9g\u00e8rement recadr\u00e9, laissant appara\u00eetre seulement un soup\u00e7on de feuillage ou un b\u00e2timent dans le coin inf\u00e9rieur droit.\" \/>\t\t\t\t<div\n\t\t\tclass=\"group-data-[size=small]:w-[21rem] px-3 pt-3 pb-6 md:px-6 group-data-[size=small]:px-3 text-neutral-300 text-xs md:text-sm\">\n\t\t\t<figcaption title=\"Drapeaux sur le campus de Pampulha.\" class=\"block line-clamp-4 md:line-clamp-3\">\n\t\t\t\tDrapeaux sur le campus de Pampulha.\t\t\t<\/figcaption>\n\t\t\t<cite\n\t\t\t\tclass=\"relative block not-italic after:absolute after:left-0 after:right-0 after:-bottom-3 after:h-px after:bg-neutral-100\">\n\t\t\t\tCollection\t\t\t<\/cite>\n\t\t<\/div>\n\t<\/figure>\n\n\n\n<h2 class=\"wp-block-heading\">Programmes<\/h2>\n\n\n\n<p>L\u2019UFMG accueille les \u00e9tudiants internationaux par le biais de Programmes de Mobilit\u00e9 et d\u2019Accords de Coop\u00e9ration \u00e9tablis avec des universit\u00e9s partenaires \u00e9trang\u00e8res. Gr\u00e2ce \u00e0 ces accords, les \u00e9tudiants peuvent effectuer un \u00e9change \u00e0 l\u2019UFMG pour des formations de premier, de deuxi\u00e8me et de troisi\u00e8me cycle. Pour plus d\u2019informations sur les types d\u2019accords internationaux conclus par l\u2019UFMG, <a href=\"https:\/\/www.ufmg.br\/dri\/acordos-e-convenios-internacionais\/\" target=\"_blank\" rel=\"noreferrer noopener\">cliquez ici<\/a>, et pour obtenir davantage de renseignements, veuillez <a href=\"https:\/\/www.ufmg.br\/dri\/en\/international-academic-mobility\/\">consulter le site web de la DRI<\/a>.<\/p>\n\n\n\n<p>Voici quelques programmes de mobilit\u00e9 propos\u00e9s par l\u2019UFMG :<\/p>\n\n\n\n<div class=\"wp-block-ufmg-details-group\"><?xml encoding=\"utf-8\"?><details class=\"group\/accordion\"><summary class=\"flex gap-4 items-center bg-neutral-50 border-x border-t group-last-of-type\/accordion:border-b border-neutral-200 group-open\/accordion:border-primary-300 group-open\/accordion:bg-primary-300 p-3 group-[&amp;:first-of-type]\/accordion:rounded-t group-[&amp;:last-of-type]\/accordion:rounded-b group-open\/accordion:[&amp;:last-of-type]:rounded-b-none text-neutral-600 group-open\/accordion:text-neutral-50 text-lg font-semibold [&amp;&gt;i]:text-[1.5rem] group-open\/accordion:[&amp;&gt;i]:text-neutral-50 [&amp;&gt;i]:text-primary-300 group-open\/accordion:[&amp;&gt;i]:-rotate-180 [&amp;&gt;i]:transition-transform transition-colors cursor-pointer\"><span class=\"grow\">UFMG Summer School sur les &Eacute;tudes Br&eacute;siliennes<\/span><i class=\"ti ti-chevron-down\"><\/i><\/summary><div class=\"space-y-4 p-3 border-x group-[&amp;:last-of-type]\/accordion:border-b border-neutral-200 text-base text-neutral-400 group-[&amp;:last-of-type]\/accordion:rounded-bl group-[&amp;:last-of-type]\/accordion:rounded-br [&amp;_.wp-block-heading+p]:!mt-0\">\n<p>L&rsquo;UFMG Summer School on Brazilian Studies (SSBS) est un programme de deux semaines d&rsquo;apprentissage intensif, abordant divers sujets li&eacute;s &agrave; la politique, l&rsquo;histoire, les relations internationales, la g&eacute;ographie, le droit, l&rsquo;&eacute;conomie, les arts et la culture du Br&eacute;sil.<\/p>\n\n\n\n<p><\/p>\n\n\n\n<p>La Summer School se d&eacute;roule g&eacute;n&eacute;ralement sur le campus principal de l&rsquo;UFMG &agrave; Belo Horizonte, la capitale de l&rsquo;&Eacute;tat de Minas Gerais, chaque mois de juillet. Toutes les conf&eacute;rences sont pr&eacute;sent&eacute;es en anglais.<\/p>\n\n\n\n<p><\/p>\n\n\n\n<p>Pour obtenir davantage d&rsquo;informations, veuillez <a href=\"https:\/\/www.ufmg.br\/summerschool\/\" target=\"_blank\" rel=\"noreferrer noopener\">consulter le site web de la SSBS<\/a>.<\/p>\n<\/div><\/details>\n\n\n<?xml encoding=\"utf-8\"?><details class=\"group\/accordion\"><summary class=\"flex gap-4 items-center bg-neutral-50 border-x border-t group-last-of-type\/accordion:border-b border-neutral-200 group-open\/accordion:border-primary-300 group-open\/accordion:bg-primary-300 p-3 group-[&amp;:first-of-type]\/accordion:rounded-t group-[&amp;:last-of-type]\/accordion:rounded-b group-open\/accordion:[&amp;:last-of-type]:rounded-b-none text-neutral-600 group-open\/accordion:text-neutral-50 text-lg font-semibold [&amp;&gt;i]:text-[1.5rem] group-open\/accordion:[&amp;&gt;i]:text-neutral-50 [&amp;&gt;i]:text-primary-300 group-open\/accordion:[&amp;&gt;i]:-rotate-180 [&amp;&gt;i]:transition-transform transition-colors cursor-pointer\"><span class=\"grow\">UFMG Minor en &Eacute;tudes Internationales<\/span><i class=\"ti ti-chevron-down\"><\/i><\/summary><div class=\"space-y-4 p-3 border-x group-[&amp;:last-of-type]\/accordion:border-b border-neutral-200 text-base text-neutral-400 group-[&amp;:last-of-type]\/accordion:rounded-bl group-[&amp;:last-of-type]\/accordion:rounded-br [&amp;_.wp-block-heading+p]:!mt-0\">\n<p>La Formation Transversale en &Eacute;tudes Internationales (FTEI) de l&rsquo;UFMG propose des cours de premier cycle ax&eacute;s sur les enjeux internationaux, favorisant un environnement acad&eacute;mique diversifi&eacute;.<\/p>\n\n\n\n<p><\/p>\n\n\n\n<p>Les cours sont dispens&eacute;s en anglais et en espagnol, et tous les &eacute;tudiants internationaux en mobilit&eacute; acad&eacute;mique &agrave; l&rsquo;UFMG peuvent y participer.&nbsp;Pour plus d&#8217;informations, veuillez <a href=\"https:\/\/www.ufmg.br\/dri\/en\/ufmg-minor-in-international-studies\/\" target=\"_blank\" rel=\"noreferrer noopener\">cliquer ici<\/a>.<\/p>\n\n\n\n<p><\/p>\n<\/div><\/details>\n\n\n<?xml encoding=\"utf-8\"?><details class=\"group\/accordion\"><summary class=\"flex gap-4 items-center bg-neutral-50 border-x border-t group-last-of-type\/accordion:border-b border-neutral-200 group-open\/accordion:border-primary-300 group-open\/accordion:bg-primary-300 p-3 group-[&amp;:first-of-type]\/accordion:rounded-t group-[&amp;:last-of-type]\/accordion:rounded-b group-open\/accordion:[&amp;:last-of-type]:rounded-b-none text-neutral-600 group-open\/accordion:text-neutral-50 text-lg font-semibold [&amp;&gt;i]:text-[1.5rem] group-open\/accordion:[&amp;&gt;i]:text-neutral-50 [&amp;&gt;i]:text-primary-300 group-open\/accordion:[&amp;&gt;i]:-rotate-180 [&amp;&gt;i]:transition-transform transition-colors cursor-pointer\"><span class=\"grow\">Collaborative Online International Learning<\/span><i class=\"ti ti-chevron-down\"><\/i><\/summary><div class=\"space-y-4 p-3 border-x group-[&amp;:last-of-type]\/accordion:border-b border-neutral-200 text-base text-neutral-400 group-[&amp;:last-of-type]\/accordion:rounded-bl group-[&amp;:last-of-type]\/accordion:rounded-br [&amp;_.wp-block-heading+p]:!mt-0\">\n<p>L&rsquo;Apprentissage Collaboratif en Ligne International (COIL) est une m&eacute;thodologie p&eacute;dagogique qui favorise l&rsquo;apprentissage international par le biais d&rsquo;activit&eacute;s virtuelles, en connectant des &eacute;tudiants et des enseignants de diff&eacute;rents pays pour collaborer sur des projets. Cette approche permet le d&eacute;veloppement de comp&eacute;tences mondiales, interculturelles et num&eacute;riques.<\/p>\n\n\n\n<p><\/p>\n\n\n\n<p>Pour plus d&rsquo;informations sur la COIL &agrave; l&rsquo;UFMG, veuillez <a href=\"https:\/\/www.ufmg.br\/dri\/en\/coil-en\/\" target=\"_blank\" rel=\"noreferrer noopener\">cliquer ici<\/a>.<\/p>\n<\/div><\/details>\n\n\n<?xml encoding=\"utf-8\"?><details class=\"group\/accordion\"><summary class=\"flex gap-4 items-center bg-neutral-50 border-x border-t group-last-of-type\/accordion:border-b border-neutral-200 group-open\/accordion:border-primary-300 group-open\/accordion:bg-primary-300 p-3 group-[&amp;:first-of-type]\/accordion:rounded-t group-[&amp;:last-of-type]\/accordion:rounded-b group-open\/accordion:[&amp;:last-of-type]:rounded-b-none text-neutral-600 group-open\/accordion:text-neutral-50 text-lg font-semibold [&amp;&gt;i]:text-[1.5rem] group-open\/accordion:[&amp;&gt;i]:text-neutral-50 [&amp;&gt;i]:text-primary-300 group-open\/accordion:[&amp;&gt;i]:-rotate-180 [&amp;&gt;i]:transition-transform transition-colors cursor-pointer\"><span class=\"grow\">UFMG Goes Global<\/span><i class=\"ti ti-chevron-down\"><\/i><\/summary><div class=\"space-y-4 p-3 border-x group-[&amp;:last-of-type]\/accordion:border-b border-neutral-200 text-base text-neutral-400 group-[&amp;:last-of-type]\/accordion:rounded-bl group-[&amp;:last-of-type]\/accordion:rounded-br [&amp;_.wp-block-heading+p]:!mt-0\">\n<p>L&rsquo;UFMG Goes Global est une newsletter internationale publi&eacute;e tout au long de l&rsquo;ann&eacute;e, tenant la communaut&eacute; internationale inform&eacute;e des &eacute;v&eacute;nements, accords, recherches et autres sujets li&eacute;s au processus d&rsquo;internationalisation de l&rsquo;UFMG.<\/p>\n\n\n\n<p><\/p>\n\n\n\n<p>Pour plus d&rsquo;informations, veuillez <a href=\"https:\/\/www.ufmg.br\/dri\/en\/ufmg-international-newsletter\/\" target=\"_blank\" rel=\"noreferrer noopener\">cliquer ici<\/a>.<\/p>\n<\/div><\/details>\n\n\n<?xml encoding=\"utf-8\"?><details class=\"group\/accordion\"><summary class=\"flex gap-4 items-center bg-neutral-50 border-x border-t group-last-of-type\/accordion:border-b border-neutral-200 group-open\/accordion:border-primary-300 group-open\/accordion:bg-primary-300 p-3 group-[&amp;:first-of-type]\/accordion:rounded-t group-[&amp;:last-of-type]\/accordion:rounded-b group-open\/accordion:[&amp;:last-of-type]:rounded-b-none text-neutral-600 group-open\/accordion:text-neutral-50 text-lg font-semibold [&amp;&gt;i]:text-[1.5rem] group-open\/accordion:[&amp;&gt;i]:text-neutral-50 [&amp;&gt;i]:text-primary-300 group-open\/accordion:[&amp;&gt;i]:-rotate-180 [&amp;&gt;i]:transition-transform transition-colors cursor-pointer\"><span class=\"grow\">Centres d&rsquo;&Eacute;tudes R&eacute;gionales<\/span><i class=\"ti ti-chevron-down\"><\/i><\/summary><div class=\"space-y-4 p-3 border-x group-[&amp;:last-of-type]\/accordion:border-b border-neutral-200 text-base text-neutral-400 group-[&amp;:last-of-type]\/accordion:rounded-bl group-[&amp;:last-of-type]\/accordion:rounded-br [&amp;_.wp-block-heading+p]:!mt-0\">\n<p>Les Centres d&rsquo;&Eacute;tudes R&eacute;gionales favorisent la collaboration entre l&rsquo;UFMG et des universit&eacute;s d&rsquo;Am&eacute;rique du Nord, d&rsquo;Am&eacute;rique Latine, d&rsquo;Afrique, d&rsquo;Europe, de l&rsquo;Inde et de l&rsquo;Asie de l&rsquo;Est. Ces centres soutiennent &eacute;galement des recherches interdisciplinaires dans ces r&eacute;gions, en encourageant l&rsquo;&eacute;change acad&eacute;mique et les connexions au niveau global.<\/p>\n\n\n\n<p><\/p>\n\n\n\n<p>Pour plus d&rsquo;informations, veuillez <a href=\"https:\/\/www.ufmg.br\/dri\/centros-de-estudos\/\" target=\"_blank\" rel=\"noreferrer noopener\">cliquer ici<\/a>.<\/p>\n<\/div><\/details>\n\n\n<?xml encoding=\"utf-8\"?><details class=\"group\/accordion\"><summary class=\"flex gap-4 items-center bg-neutral-50 border-x border-t group-last-of-type\/accordion:border-b border-neutral-200 group-open\/accordion:border-primary-300 group-open\/accordion:bg-primary-300 p-3 group-[&amp;:first-of-type]\/accordion:rounded-t group-[&amp;:last-of-type]\/accordion:rounded-b group-open\/accordion:[&amp;:last-of-type]:rounded-b-none text-neutral-600 group-open\/accordion:text-neutral-50 text-lg font-semibold [&amp;&gt;i]:text-[1.5rem] group-open\/accordion:[&amp;&gt;i]:text-neutral-50 [&amp;&gt;i]:text-primary-300 group-open\/accordion:[&amp;&gt;i]:-rotate-180 [&amp;&gt;i]:transition-transform transition-colors cursor-pointer\"><span class=\"grow\">EducationUSA<\/span><i class=\"ti ti-chevron-down\"><\/i><\/summary><div class=\"space-y-4 p-3 border-x group-[&amp;:last-of-type]\/accordion:border-b border-neutral-200 text-base text-neutral-400 group-[&amp;:last-of-type]\/accordion:rounded-bl group-[&amp;:last-of-type]\/accordion:rounded-br [&amp;_.wp-block-heading+p]:!mt-0\">\n<p>L&rsquo;UFMG est la premi&egrave;re universit&eacute; f&eacute;d&eacute;rale du Br&eacute;sil &agrave; accueillir un bureau EducationUSA, un r&eacute;seau affili&eacute; au Bureau of Educational and Cultural Affairs (ECA) du D&eacute;partement d&rsquo;&Eacute;tat des &Eacute;tats-Unis.<\/p>\n\n\n\n<p><\/p>\n\n\n\n<p>Ce r&eacute;seau a pour objectif de promouvoir l&rsquo;enseignement sup&eacute;rieur am&eacute;ricain aupr&egrave;s des &eacute;tudiants du monde entier, en fournissant des informations pr&eacute;cises, compl&egrave;tes et &agrave; jour sur les opportunit&eacute;s d&rsquo;&eacute;tudes dans des &eacute;tablissements de renom. EducationUSA collabore &eacute;galement avec la communaut&eacute; de l&rsquo;enseignement sup&eacute;rieur am&eacute;ricain afin d&rsquo;aider les universit&eacute;s &agrave; atteindre leurs objectifs d&rsquo;internationalisation.<\/p>\n\n\n\n<p><\/p>\n\n\n\n<p>Pour plus d&rsquo;informations, veuillez <a href=\"https:\/\/www.ufmg.br\/dri\/en\/education-usa-en\/\" target=\"_blank\" rel=\"noreferrer noopener\">cliquer ici<\/a>.<\/p>\n<\/div><\/details>\n\n\n<?xml encoding=\"utf-8\"?><details class=\"group\/accordion\"><summary class=\"flex gap-4 items-center bg-neutral-50 border-x border-t group-last-of-type\/accordion:border-b border-neutral-200 group-open\/accordion:border-primary-300 group-open\/accordion:bg-primary-300 p-3 group-[&amp;:first-of-type]\/accordion:rounded-t group-[&amp;:last-of-type]\/accordion:rounded-b group-open\/accordion:[&amp;:last-of-type]:rounded-b-none text-neutral-600 group-open\/accordion:text-neutral-50 text-lg font-semibold [&amp;&gt;i]:text-[1.5rem] group-open\/accordion:[&amp;&gt;i]:text-neutral-50 [&amp;&gt;i]:text-primary-300 group-open\/accordion:[&amp;&gt;i]:-rotate-180 [&amp;&gt;i]:transition-transform transition-colors cursor-pointer\"><span class=\"grow\">Admission Internationale pour Motifs Humanitaires<\/span><i class=\"ti ti-chevron-down\"><\/i><\/summary><div class=\"space-y-4 p-3 border-x group-[&amp;:last-of-type]\/accordion:border-b border-neutral-200 text-base text-neutral-400 group-[&amp;:last-of-type]\/accordion:rounded-bl group-[&amp;:last-of-type]\/accordion:rounded-br [&amp;_.wp-block-heading+p]:!mt-0\">\n<p>L&rsquo;UFMG organise des processus de s&eacute;lection pour les r&eacute;fugi&eacute;s, les demandeurs d&rsquo;asile politique et les apatrides souhaitant &eacute;tudier &agrave; l&#8217;universit&eacute;. Pour plus d&rsquo;informations, veuillez <a href=\"https:\/\/www.ufmg.br\/dri\/en\/international-admission-on-humanitarian-grounds\/\" target=\"_blank\" rel=\"noreferrer noopener\">cliquer ici<\/a>.<\/p>\n\n\n\n<p><\/p>\n\n\n\n<p><\/p>\n<\/div><\/details>\n<\/div>\n\n\n\n<h2 class=\"wp-block-heading\">Partenariats<\/h2>\n\n\n\n<div class=\"wp-block-ufmg-cards grid grid-cols-1 lg:grid-cols-cards gap-8\">\n\t<div class=\"flex flex-col gap-6 p-6 md:py-8 border border-neutral-200 rounded-lg\">\n\n\t\t\t\t\t<h2 class=\"pl-2 border-l-2 border-l-primary-400 text-neutral-600 text-xl md:text-2xl font-semibold\">\n\t\t\t\tAccords Internationaux\t\t\t<\/h2>\n\t\t\n\t\t\t\t\t<p class=\"flex-1 text-base md:text-lg text-neutral-500\">\n\t\t\t\tL\u2019UFMG participe \u00e0 plusieurs accords universitaires internationaux.\t\t\t<\/p>\n\t\t\n\t\t\t\t\t<a href=\"https:\/\/www.ufmg.br\/dri\/redes-de-cooperacao\/\" target=\"_blank\" rel=\"noopener noreferrer\"\t\t\t\tclass=\"w-fit ml-auto flex items-center gap-4 text-primary-300 font-lexend font-medium text-base md:text-lg\">\n\t\t\t\tCliquez ici\t\t\t\t<i class=\"ti ti-chevron-right text-[1rem] md:text-[1.25rem]\"><\/i>\n\t\t\t<\/a>\n\t\t\t<\/div>\n\n\n\n\t<div class=\"flex flex-col gap-6 p-6 md:py-8 border border-neutral-200 rounded-lg\">\n\n\t\t\t\t\t<h2 class=\"pl-2 border-l-2 border-l-primary-400 text-neutral-600 text-xl md:text-2xl font-semibold\">\n\t\t\t\tPartenaires Internationaux\t\t\t<\/h2>\n\t\t\n\t\t\t\t\t<p class=\"flex-1 text-base md:text-lg text-neutral-500\">\n\t\t\t\tL\u2019UFMG \u00e9tablit de multiples partenariats \u00e0 travers le monde.\t\t\t<\/p>\n\t\t\n\t\t\t\t\t<a href=\"https:\/\/www.ufmg.br\/dri\/instituicoes-parceiras\/\" target=\"_blank\" rel=\"noopener noreferrer\"\t\t\t\tclass=\"w-fit ml-auto flex items-center gap-4 text-primary-300 font-lexend font-medium text-base md:text-lg\">\n\t\t\t\tConsultez la liste\t\t\t\t<i class=\"ti ti-chevron-right text-[1rem] md:text-[1.25rem]\"><\/i>\n\t\t\t<\/a>\n\t\t\t<\/div>\n<\/div>\n\n\n\n<div class=\"wp-block-ufmg-cards grid grid-cols-1 lg:grid-cols-cards gap-8\"><\/div>\n\n\n\n<p><\/p>\n","protected":false},"excerpt":{"rendered":"<p>L\u2019UFMG se distingue sur la sc\u00e8ne mondiale gr\u00e2ce \u00e0 sa politique d\u2019internationalisation solide. L\u2019universit\u00e9 investit de mani\u00e8re significative et mobilise ses propres ressources humaines et mat\u00e9rielles afin d\u2019intensifier son processus d\u2019internationalisation de mani\u00e8re transversale, guid\u00e9e par des principes qui visent concilier excellence acad\u00e9mique et scientifique. Programmes L\u2019UFMG accueille les \u00e9tudiants internationaux par le biais de [&hellip;]<\/p>\n","protected":false},"author":1,"featured_media":0,"parent":7225,"menu_order":0,"comment_status":"closed","ping_status":"closed","template":"","meta":{"_acf_changed":false,"footnotes":""},"class_list":["post-9450","page","type-page","status-publish","hentry"],"acf":[],"_links":{"self":[{"href":"http:\/\/150.164.63.212:9000\/portal-novo-test\/wp-json\/wp\/v2\/pages\/9450","targetHints":{"allow":["GET"]}}],"collection":[{"href":"http:\/\/150.164.63.212:9000\/portal-novo-test\/wp-json\/wp\/v2\/pages"}],"about":[{"href":"http:\/\/150.164.63.212:9000\/portal-novo-test\/wp-json\/wp\/v2\/types\/page"}],"author":[{"embeddable":true,"href":"http:\/\/150.164.63.212:9000\/portal-novo-test\/wp-json\/wp\/v2\/users\/1"}],"replies":[{"embeddable":true,"href":"http:\/\/150.164.63.212:9000\/portal-novo-test\/wp-json\/wp\/v2\/comments?post=9450"}],"version-history":[{"count":0,"href":"http:\/\/150.164.63.212:9000\/portal-novo-test\/wp-json\/wp\/v2\/pages\/9450\/revisions"}],"up":[{"embeddable":true,"href":"http:\/\/150.164.63.212:9000\/portal-novo-test\/wp-json\/wp\/v2\/pages\/7225"}],"wp:attachment":[{"href":"http:\/\/150.164.63.212:9000\/portal-novo-test\/wp-json\/wp\/v2\/media?parent=9450"}],"curies":[{"name":"wp","href":"https:\/\/api.w.org\/{rel}","templated":true}]}}