{"id":9629,"date":"2025-10-06T16:24:42","date_gmt":"2025-10-06T19:24:42","guid":{"rendered":"http:\/\/150.164.63.212:9000\/portal-novo-test\/?page_id=9629"},"modified":"2025-10-06T16:24:42","modified_gmt":"2025-10-06T19:24:42","slug":"atendimento-aos-discentes","status":"publish","type":"page","link":"http:\/\/150.164.63.212:9000\/portal-novo-test\/vida-academica\/oportunidades-para-formacao\/atendimento-aos-discentes\/","title":{"rendered":"Atendimento aos discentes"},"content":{"rendered":"\n<p>Esta p\u00e1gina concentra os servi\u00e7os de suporte e atendimento oferecidos pela Universidade aos estudantes de Gradua\u00e7\u00e3o. Aqui, o discente encontra informa\u00e7\u00f5es essenciais sobre o apoio em sa\u00fade, orienta\u00e7\u00e3o acad\u00eamica e atividades de bem-estar.<\/p>\n\n\n<?xml encoding=\"utf-8\"?><ul class=\"wp-block-ufmg-hub-links [&amp;&gt;li_a]:flex [&amp;&gt;li_a]:items-center [&amp;&gt;li_a]:justify-between [&amp;&gt;li_a]:bg-neutral-50 [&amp;&gt;li_a]:px-4 [&amp;&gt;li_a]:py-3 md:[&amp;&gt;li_a]:py-5 [&amp;&gt;li_a]:border-b [&amp;&gt;li_a]:border-b-neutral-200 [&amp;&gt;li_a]:text-primary-300 [&amp;&gt;li_a]:text-base md:[&amp;&gt;li_a]:text-lg [&amp;&gt;li_a]:font-lexend [&amp;&gt;li_a]:font-medium [&amp;&gt;li_a]:transition-colors [&amp;&gt;li_a&gt;i]:text-[1rem] md:[&amp;&gt;li_a&gt;i]:text-[1.5rem] hover:[&amp;&gt;li_a]:bg-neutral-100 hover:[&amp;&gt;li_a]:border-b-primary-300\"><li class=\" wp-block-navigation-item wp-block-navigation-link\"><a class=\"wp-block-navigation-item__content\" href=\"http:\/\/projetos2.eeffto.ufmg.br\/cenex\/extensao\/atividades-fisicas\/musculacao\/\" target=\"_blank\"><span class=\"wp-block-navigation-item__label\">Academia na EEFFTO<\/span><i class=\"ti ti-chevron-right\"><\/i><\/a><\/li>\n\n<li class=\" wp-block-navigation-item wp-block-navigation-link\"><a class=\"wp-block-navigation-item__content\" href=\"https:\/\/www.ufmg.br\/prae\/setor-de-orientacao-e-acolhimento\/contato-setor-de-orientacao-e-acolhimento\/\" target=\"_blank\"><span class=\"wp-block-navigation-item__label\">Acolhimento e Orienta&ccedil;&atilde;o<\/span><i class=\"ti ti-chevron-right\"><\/i><\/a><\/li>\n\n<li class=\" wp-block-navigation-item wp-block-navigation-link\"><a class=\"wp-block-navigation-item__content\" href=\"https:\/\/www.odonto.ufmg.br\/tratamentos\/\"><span class=\"wp-block-navigation-item__label\">Atendimento Odontol&oacute;gico<\/span><i class=\"ti ti-chevron-right\"><\/i><\/a><\/li>\n\n<li class=\" wp-block-navigation-item wp-block-navigation-link\"><a class=\"wp-block-navigation-item__content\" href=\"https:\/\/www.ufmg.br\/saudemental\/rede-de-apoio\/canais-de-atendimento-externos\/\" target=\"_blank\"><span class=\"wp-block-navigation-item__label\">Atendimento Psicoterap&ecirc;utico<\/span><i class=\"ti ti-chevron-right\"><\/i><\/a><\/li>\n\n<li class=\" wp-block-navigation-item wp-block-navigation-link\"><a class=\"wp-block-navigation-item__content\" href=\"https:\/\/telessaude.hc.ufmg.br\/\" target=\"_blank\"><span class=\"wp-block-navigation-item__label\">Centro de Telessa&uacute;de<\/span><i class=\"ti ti-chevron-right\"><\/i><\/a><\/li>\n\n<li class=\" wp-block-navigation-item wp-block-navigation-link\"><a class=\"wp-block-navigation-item__content\" href=\"https:\/\/www.ufmg.br\/prae\/setor-de-orientacao-e-acolhimento\/escuta-de-estudantes-nas-unidades\/\" target=\"_blank\"><span class=\"wp-block-navigation-item__label\">Escuta de Estudantes nas Unidades<\/span><i class=\"ti ti-chevron-right\"><\/i><\/a><\/li>\n\n<li class=\" wp-block-navigation-item wp-block-navigation-link\"><a class=\"wp-block-navigation-item__content\" href=\"https:\/\/eci.ufmg.br\/projeto-yoga\/\" target=\"_blank\"><span class=\"wp-block-navigation-item__label\">Yoga no Ambiente Universit&aacute;rio<\/span><i class=\"ti ti-chevron-right\"><\/i><\/a><\/li><\/ul>\n","protected":false},"excerpt":{"rendered":"<p>Esta p\u00e1gina concentra os servi\u00e7os de suporte e atendimento oferecidos pela Universidade aos estudantes de Gradua\u00e7\u00e3o. Aqui, o discente encontra informa\u00e7\u00f5es essenciais sobre o apoio em sa\u00fade, orienta\u00e7\u00e3o acad\u00eamica e atividades de bem-estar.<\/p>\n","protected":false},"author":1,"featured_media":0,"parent":9628,"menu_order":0,"comment_status":"closed","ping_status":"closed","template":"","meta":{"_acf_changed":false,"footnotes":""},"class_list":["post-9629","page","type-page","status-publish","hentry"],"acf":[],"_links":{"self":[{"href":"http:\/\/150.164.63.212:9000\/portal-novo-test\/wp-json\/wp\/v2\/pages\/9629","targetHints":{"allow":["GET"]}}],"collection":[{"href":"http:\/\/150.164.63.212:9000\/portal-novo-test\/wp-json\/wp\/v2\/pages"}],"about":[{"href":"http:\/\/150.164.63.212:9000\/portal-novo-test\/wp-json\/wp\/v2\/types\/page"}],"author":[{"embeddable":true,"href":"http:\/\/150.164.63.212:9000\/portal-novo-test\/wp-json\/wp\/v2\/users\/1"}],"replies":[{"embeddable":true,"href":"http:\/\/150.164.63.212:9000\/portal-novo-test\/wp-json\/wp\/v2\/comments?post=9629"}],"version-history":[{"count":0,"href":"http:\/\/150.164.63.212:9000\/portal-novo-test\/wp-json\/wp\/v2\/pages\/9629\/revisions"}],"up":[{"embeddable":true,"href":"http:\/\/150.164.63.212:9000\/portal-novo-test\/wp-json\/wp\/v2\/pages\/9628"}],"wp:attachment":[{"href":"http:\/\/150.164.63.212:9000\/portal-novo-test\/wp-json\/wp\/v2\/media?parent=9629"}],"curies":[{"name":"wp","href":"https:\/\/api.w.org\/{rel}","templated":true}]}}