{"id":9841,"date":"2025-10-06T13:52:29","date_gmt":"2025-10-06T16:52:29","guid":{"rendered":"http:\/\/150.164.63.212:9000\/portal-novo-test\/?page_id=9841"},"modified":"2025-10-09T15:30:08","modified_gmt":"2025-10-09T18:30:08","slug":"diversidade-e-inclusao","status":"publish","type":"page","link":"http:\/\/150.164.63.212:9000\/portal-novo-test\/vida-academica\/diversidade-e-inclusao\/","title":{"rendered":"Diversidade e Inclus\u00e3o"},"content":{"rendered":"\n<p> A Pol\u00edtica de Assuntos Estudantis da UFMG compreende um conjunto de a\u00e7\u00f5es voltadas ao acolhimento, \u00e0 perman\u00eancia, \u00e0 conviv\u00eancia e ao enriquecimento sociopol\u00edtico, cultural e art\u00edstico de seus(as) estudantes. Estruturada em tr\u00eas eixos \u2014 <a href=\"https:\/\/www.ufmg.br\/prae\/diretoria-de-acoes-afirmativas\/\" data-type=\"link\" data-id=\"https:\/\/www.ufmg.br\/prae\/diretoria-de-acoes-afirmativas\/\" target=\"_blank\" rel=\"noreferrer noopener\">Pol\u00edtica de A\u00e7\u00f5es Afirmativas,<\/a> <a href=\"https:\/\/www.ufmg.br\/prae\/diretoria-de-apoio-a-projetos-de-estudantes\/\" data-type=\"link\" data-id=\"https:\/\/www.ufmg.br\/prae\/diretoria-de-apoio-a-projetos-de-estudantes\/\" target=\"_blank\" rel=\"noreferrer noopener\">Pol\u00edtica de Apoio a Projetos de Estudantes <\/a>e <a href=\"https:\/\/www.ufmg.br\/prae\/assistencia-estudantil\/programas-de-assistencia-estudantil-da-ufmg\/\" data-type=\"link\" data-id=\"https:\/\/www.ufmg.br\/prae\/assistencia-estudantil\/programas-de-assistencia-estudantil-da-ufmg\/\" target=\"_blank\" rel=\"noreferrer noopener\">Pol\u00edtica de Assist\u00eancia Estudantil<\/a> \u2014, busca assegurar igualdade de oportunidades e equidade de direitos no acesso e na trajet\u00f3ria universit\u00e1ria.<\/p>\n\n\n\n<p>Sua elabora\u00e7\u00e3o, coordena\u00e7\u00e3o, execu\u00e7\u00e3o e avalia\u00e7\u00e3o s\u00e3o conduzidas pela <a href=\"https:\/\/www.ufmg.br\/prae\/\" data-type=\"link\" data-id=\"https:\/\/www.ufmg.br\/prae\/\" target=\"_blank\" rel=\"noreferrer noopener\">Pr\u00f3-reitoria de Assuntos Estudantis (PRAE)<\/a>, em di\u00e1logo com outras inst\u00e2ncias institucionais que contribuem, de modo indissoci\u00e1vel, para que a UFMG cumpra sua fun\u00e7\u00e3o social. Essa articula\u00e7\u00e3o com as pr\u00f3-reitorias de ensino, pesquisa e extens\u00e3o potencializa as pr\u00e1ticas voltadas \u00e0 perman\u00eancia qualificada e ao \u00eaxito acad\u00eamico dos(as) estudantes.<\/p>\n\n\n\n<h2 class=\"wp-block-heading\">N\u00facleo de Acessibilidade e Inclus\u00e3o &#8211; NAI<\/h2>\n\n\n\n<p>Institu\u00eddo em 2014, como resultado das muitas experi\u00eancias, a\u00e7\u00f5es e iniciativas de grupos preocupados com o acesso e a perman\u00eancia de estudantes e servidores com defici\u00eancia na UFMG, o<a href=\"https:\/\/www.ufmg.br\/nai\/\" data-type=\"link\" data-id=\"https:\/\/www.ufmg.br\/nai\/\" target=\"_blank\" rel=\"noreferrer noopener\"> N\u00facleo de Acessibilidade e Inclus\u00e3o (NAI) <\/a>tem como responsabilidade  a proposi\u00e7\u00e3o, organiza\u00e7\u00e3o, coordena\u00e7\u00e3o e execu\u00e7\u00e3o de a\u00e7\u00f5es para assegurar e garantir as condi\u00e7\u00f5es de acessibilidade necess\u00e1rias ao ingresso, \u00e0 perman\u00eancia, \u00e0 plena participa\u00e7\u00e3o e \u00e0 autonomia das pessoas com defici\u00eancia no \u00e2mbito da UFMG, maximizando seu desenvolvimento acad\u00eamico, profissional e social. O N\u00facleo \u00e9 voltado para a elimina\u00e7\u00e3o ou redu\u00e7\u00e3o de barreiras pedag\u00f3gicas, instrumentais, arquitet\u00f4nicas, de comunica\u00e7\u00e3o e informa\u00e7\u00e3o, impulsionando o cumprimento dos requisitos legais de acessibilidade. <\/p>\n\n\n\n<p>Dentre as <a href=\"https:\/\/www.ufmg.br\/nai\/servicos\/\" data-type=\"link\" data-id=\"https:\/\/www.ufmg.br\/nai\/servicos\/\" target=\"_blank\" rel=\"noreferrer noopener\">a\u00e7\u00f5es e servi\u00e7os disponibilizados pelo NAI <\/a>podem ser citados, por exemplo: acompanhamento do percurso acad\u00eamico de estudantes com defici\u00eancia, tradu\u00e7\u00e3o e interpreta\u00e7\u00e3o em LIBRAS para surdos, produ\u00e7\u00e3o e adapta\u00e7\u00e3o de materiais acad\u00eamicos em diferentes formatos acess\u00edveis, treinamento para uso de Tecnologias Assistivas, para uso de equipamentos de inform\u00e1tica, de plataformas de ensino, treinamento de rotas acess\u00edveis, transporte acess\u00edvel complementar aos \u00f4nibus internos, tamb\u00e9m acess\u00edveis, que circulam no campus Pampulha.<\/p>\n\n\n\n<h3 class=\"wp-block-heading\">Programa de Incentivo a Inclus\u00e3o e Promo\u00e7\u00e3o da Acessibilidade (Pipa)<\/h3>\n\n\n\n<p>Entre as atividades do NAI, cabe destacar o<a href=\"https:\/\/www.ufmg.br\/nai\/projetos-pipa\/\" data-type=\"link\" data-id=\"https:\/\/www.ufmg.br\/nai\/projetos-pipa\/\" target=\"_blank\" rel=\"noreferrer noopener\"> Programa de Incentivo a Inclus\u00e3o e Promo\u00e7\u00e3o da Acessibilidade (Pipa)<\/a>, desenvolvido em parceria com as pr\u00f3-reitorias de Gradua\u00e7\u00e3o, de Assuntos Estudantis, de Extens\u00e3o e de Pesquisa. O programa, lan\u00e7ado em 2014, visa fomentar a\u00e7\u00f5es efetivas de inclus\u00e3o e acessibilidade e redu\u00e7\u00e3o de barreiras atitudinais nos percursos acad\u00eamicos ou profissionais de pessoas com defici\u00eancia no \u00e2mbito da UFMG. <\/p>\n\n\n\n<p>As propostas selecionadas por meio de edital s\u00e3o contempladas com bolsas para os discentes de Gradua\u00e7\u00e3o que atuar\u00e3o em projetos de Ensino, Pesquisa e Extens\u00e3o ou de interface e articula\u00e7\u00e3o entre as \u00e1reas. Ao longo de mais de 10 anos, o programa tem contribu\u00eddo para a produ\u00e7\u00e3o de conhecimento e para o desenvolvimento da autonomia de pessoas com defici\u00eancia dentro da Universidade.<\/p>\n\n\n<?xml encoding=\"utf-8\"?><ul class=\"wp-block-ufmg-hub-links [&amp;&gt;li_a]:flex [&amp;&gt;li_a]:items-center [&amp;&gt;li_a]:justify-between [&amp;&gt;li_a]:bg-neutral-50 [&amp;&gt;li_a]:px-4 [&amp;&gt;li_a]:py-3 md:[&amp;&gt;li_a]:py-5 [&amp;&gt;li_a]:border-b [&amp;&gt;li_a]:border-b-neutral-200 [&amp;&gt;li_a]:text-primary-300 [&amp;&gt;li_a]:text-base md:[&amp;&gt;li_a]:text-lg [&amp;&gt;li_a]:font-lexend [&amp;&gt;li_a]:font-medium [&amp;&gt;li_a]:transition-colors [&amp;&gt;li_a&gt;i]:text-[1rem] md:[&amp;&gt;li_a&gt;i]:text-[1.5rem] hover:[&amp;&gt;li_a]:bg-neutral-100 hover:[&amp;&gt;li_a]:border-b-primary-300\"><\/ul>\n\n\n\n<h3 class=\"wp-block-heading\">Transporte Acess\u00edvel<\/h3>\n\n\n\n<p>O&nbsp;<a href=\"https:\/\/www.ufmg.br\/nai\/\" data-type=\"link\" data-id=\"https:\/\/www.ufmg.br\/nai\/\" target=\"_blank\" rel=\"noreferrer noopener\">N\u00facleo de Acessibilidade e Inclus\u00e3o&nbsp;(NAI)<\/a> oferece servi\u00e7o de transporte adaptado no campus Pampulha que atende exclusivamente alunos e servidores com defici\u00eancia motora e com mobilidade reduzida. O autom\u00f3vel adaptado representa uma alternativa aos \u00f4nibus das linhas internas do campus pois oferecem facilidade de acesso a qualquer lugar \u2013 e n\u00e3o apenas aos pontos oficiais \u2013 e reduzem a dura\u00e7\u00e3o do percurso. Para o uso deste servi\u00e7o, as pessoas interessadas devem entrar em contato com o NAI para avalia\u00e7\u00e3o e cadastro. <\/p>\n\n\n\n<p>Al\u00e9m disso, quanto ao <a href=\"http:\/\/150.164.63.212:9000\/portal-novo-test\/transporte\/\" data-type=\"link\" data-id=\"http:\/\/150.164.63.212:9000\/portal-novo-test\/transporte\/\" target=\"_blank\" rel=\"noreferrer noopener\">transporte coletivo dentro do campus<\/a>, considerando os internos e os das Moradias Universit\u00e1rias, todos os ve\u00edculos possuem dispositivos de acessibilidade. <\/p>\n\n\n\n<h2 class=\"wp-block-heading\">N\u00facleo de Direitos Humanos e Cidadania LGBTQIA+<\/h2>\n\n\n\n<p>A Universidade Federal de Minas Gerais (UFMG), por meio de diversos pesquisadores e professores, vem desenvolvendo, desde 2004, um conjunto de a\u00e7\u00f5es de ensino, pesquisa e extens\u00e3o voltadas \u00e0s tem\u00e1ticas das rela\u00e7\u00f5es de g\u00eanero, orienta\u00e7\u00e3o sexual e participa\u00e7\u00e3o social. A partir de 2005, com o envolvimento de v\u00e1rios pesquisadores doutores na \u00e1rea de estudos da diversidade sexual e estudos queer em diferentes campos do conhecimento, foi fundado o <a href=\"https:\/\/www.nuhufmg.com.br\/\" data-type=\"link\" data-id=\"https:\/\/www.nuhufmg.com.br\/\" target=\"_blank\" rel=\"noreferrer noopener\">N\u00facleo de Direitos Humanos e Cidadania LGBT (NUH)<\/a>.<\/p>\n\n\n\n<p>O NUH foi institucionalizado em dezembro de 2007, por meio de um conv\u00eanio entre a UFMG e a Secretaria de Direitos Humanos da Presid\u00eancia da Rep\u00fablica. Suas a\u00e7\u00f5es se desenvolvem em torno de cinco grandes linhas:<\/p>\n\n\n\n<ul class=\"wp-block-list\">\n<li>A caracteriza\u00e7\u00e3o das realidades LGBT, das formas de viol\u00eancia e da homophobia\/transfobia, especialmente no \u00e2mbito de Minas Gerais e de Belo Horizonte;<\/li>\n\n\n\n<li>O desenvolvimento de inst\u00e2ncias de di\u00e1logo com espa\u00e7os institucionais e da sociedade civil no intuito de discutir formas de discrimina\u00e7\u00f5es sexistas e homof\u00f3bicas\/transf\u00f3bicas;<\/li>\n\n\n\n<li>O desenvolvimento de perspectivas te\u00f3ricas e metodol\u00f3gicas de pesquisa, ensino e extens\u00e3o articuladas \u00e0s realidades e experi\u00eancias LGBT;<\/li>\n\n\n\n<li>A cria\u00e7\u00e3o de espa\u00e7os participativos e mecanismos de interface de saberes;<\/li>\n\n\n\n<li>O resgate da hist\u00f3ria das sexualidades e das lutas dos movimentos sociais de forma a disponibilizar um relato que n\u00e3o se configurou como vers\u00e3o oficial dado os mecanismos de hierarquiza\u00e7\u00e3o de g\u00eanero e sexuais.<\/li>\n<\/ul>\n\n\n\n<p>Desse modo, e contando com atividades de outros n\u00facleos, n\u00e3o abdicando de seu papel social vinculado \u00e0 ideia de forma\u00e7\u00e3o para a cidadania, o NUH tem consolidado uma pol\u00edtica de incentivo \u00e0 cultura das garantias fundamentais, tematizando a inclus\u00e3o dos direitos humanos como diretriz institucional e como direitos de equival\u00eancia social e pol\u00edtica.<\/p>\n\n\n\n<h3 class=\"wp-block-heading\"><\/h3>\n\n\n\n<p><\/p>\n","protected":false},"excerpt":{"rendered":"<p>A Pol\u00edtica de Assuntos Estudantis da UFMG compreende um conjunto de a\u00e7\u00f5es voltadas ao acolhimento, \u00e0 perman\u00eancia, \u00e0 conviv\u00eancia e ao enriquecimento sociopol\u00edtico, cultural e art\u00edstico de seus(as) estudantes. Estruturada em tr\u00eas eixos \u2014 Pol\u00edtica de A\u00e7\u00f5es Afirmativas, Pol\u00edtica de Apoio a Projetos de Estudantes e Pol\u00edtica de Assist\u00eancia Estudantil \u2014, busca assegurar igualdade de [&hellip;]<\/p>\n","protected":false},"author":1,"featured_media":0,"parent":3641,"menu_order":0,"comment_status":"closed","ping_status":"closed","template":"","meta":{"_acf_changed":false,"footnotes":""},"class_list":["post-9841","page","type-page","status-publish","hentry"],"acf":[],"_links":{"self":[{"href":"http:\/\/150.164.63.212:9000\/portal-novo-test\/wp-json\/wp\/v2\/pages\/9841","targetHints":{"allow":["GET"]}}],"collection":[{"href":"http:\/\/150.164.63.212:9000\/portal-novo-test\/wp-json\/wp\/v2\/pages"}],"about":[{"href":"http:\/\/150.164.63.212:9000\/portal-novo-test\/wp-json\/wp\/v2\/types\/page"}],"author":[{"embeddable":true,"href":"http:\/\/150.164.63.212:9000\/portal-novo-test\/wp-json\/wp\/v2\/users\/1"}],"replies":[{"embeddable":true,"href":"http:\/\/150.164.63.212:9000\/portal-novo-test\/wp-json\/wp\/v2\/comments?post=9841"}],"version-history":[{"count":0,"href":"http:\/\/150.164.63.212:9000\/portal-novo-test\/wp-json\/wp\/v2\/pages\/9841\/revisions"}],"up":[{"embeddable":true,"href":"http:\/\/150.164.63.212:9000\/portal-novo-test\/wp-json\/wp\/v2\/pages\/3641"}],"wp:attachment":[{"href":"http:\/\/150.164.63.212:9000\/portal-novo-test\/wp-json\/wp\/v2\/media?parent=9841"}],"curies":[{"name":"wp","href":"https:\/\/api.w.org\/{rel}","templated":true}]}}