{"id":9857,"date":"2025-10-06T16:02:25","date_gmt":"2025-10-06T19:02:25","guid":{"rendered":"http:\/\/150.164.63.212:9000\/portal-novo-test\/?page_id=9857"},"modified":"2025-10-06T17:21:55","modified_gmt":"2025-10-06T20:21:55","slug":"programa-de-acoes-afirmativas","status":"publish","type":"page","link":"http:\/\/150.164.63.212:9000\/portal-novo-test\/vida-academica\/diversidade-e-inclusao\/programa-de-acoes-afirmativas\/","title":{"rendered":"Programa de A\u00e7\u00f5es Afirmativas"},"content":{"rendered":"\n<p>A\u00e7\u00f5es Afirmativas s\u00e3o pol\u00edticas (p\u00fablicas ou privadas) que prop\u00f5em o desenvolvimento de um conjunto articulado de pr\u00e1ticas acad\u00eamicas de acolhimento, aten\u00e7\u00e3o e apoio aos estudantes em suas necessidades para aproveitar e enriquecer sua perman\u00eancia na UFMG (forma\u00e7\u00e3o cultural, acompanhamento em sua singularidade de aprendizagem, planejamento de sua vida universit\u00e1ria, aconselhamento para sua carreira). <\/p>\n\n\n\n<p>Est\u00e3o orientadas para o reconhecimento de identidades e de fortalecimento de v\u00ednculos de pertencimento \u00e0 UFMG, para o combate \u00e0s desigualdades de acesso \u00e0s oportunidades acad\u00eamicas, a garantia do princ\u00edpio de equidade de direitos e o enfrentamento de discrimina\u00e7\u00f5es que afetem a perman\u00eancia e o desenvolvimento pleno de estudantes na Universidade. Para isso, articula-se com programas de a\u00e7\u00f5es afirmativas em v\u00e1rios \u00f3rg\u00e3os da UFMG e tamb\u00e9m com aqueles de apoio a iniciativas e projetos desenvolvidos por estudantes.<\/p>\n\n\n<?xml encoding=\"utf-8\"?><ul class=\"wp-block-ufmg-hub-links [&amp;&gt;li_a]:flex [&amp;&gt;li_a]:items-center [&amp;&gt;li_a]:justify-between [&amp;&gt;li_a]:bg-neutral-50 [&amp;&gt;li_a]:px-4 [&amp;&gt;li_a]:py-3 md:[&amp;&gt;li_a]:py-5 [&amp;&gt;li_a]:border-b [&amp;&gt;li_a]:border-b-neutral-200 [&amp;&gt;li_a]:text-primary-300 [&amp;&gt;li_a]:text-base md:[&amp;&gt;li_a]:text-lg [&amp;&gt;li_a]:font-lexend [&amp;&gt;li_a]:font-medium [&amp;&gt;li_a]:transition-colors [&amp;&gt;li_a&gt;i]:text-[1rem] md:[&amp;&gt;li_a&gt;i]:text-[1.5rem] hover:[&amp;&gt;li_a]:bg-neutral-100 hover:[&amp;&gt;li_a]:border-b-primary-300\"><\/ul>\n\n\n\n<h2 class=\"wp-block-heading\">Programa A\u00e7\u00f5es Afirmativas na UFMG <\/h2>\n\n\n\n<p>O Programa de A\u00e7\u00f5es Afirmativas da UFMG, criado em 2002, vem desde ent\u00e3o desenvolvendo e implementando pol\u00edticas voltadas \u00e0s pessoas negras, ind\u00edgenas e quilombolas na universidade. Trata-se de uma proposta de A\u00e7\u00e3o Afirmativa que busca articular atividades de ensino, pesquisa, extens\u00e3o e internacionaliza\u00e7\u00e3o em torno de temas como educa\u00e7\u00e3o, cultura, pol\u00edticas p\u00fablicas, forma\u00e7\u00e3o de professores(as) e rela\u00e7\u00f5es raciais, entre outros. As a\u00e7\u00f5es afirmativas s\u00e3o pol\u00edticas que t\u00eam como objetivo promover grupos historicamente discriminados. Nesse sentido, n\u00e3o se restringem \u00e0s iniciativas de reserva de vagas, mas abrangem estrat\u00e9gias mais amplas, de car\u00e1ter compensat\u00f3rio, restitutivo e promotor de equidade para essas popula\u00e7\u00f5es.<\/p>\n\n\n\n<p>O Programa foi idealizado e criado pela professora Nilma Lino Gomes (FaE\/UFMG) e pelo professor Luiz Alberto Oliveira Gon\u00e7alves (FaE\/UFMG, <em>in memoriam<\/em>). Desde ent\u00e3o, conta com a participa\u00e7\u00e3o de servidores(as), docentes, t\u00e9cnicos(as), estudantes, professores(as) da educa\u00e7\u00e3o b\u00e1sica e ativistas do movimento negro.<\/p>\n\n\n\n<p>Na UFMG, a pol\u00edtica de a\u00e7\u00f5es afirmativas assume particular relev\u00e2ncia, ao propor o desenvolvimento de um conjunto articulado de pr\u00e1ticas acad\u00eamicas voltadas ao acolhimento, \u00e0 aten\u00e7\u00e3o e ao apoio aos estudantes, promovendo tanto o aproveitamento acad\u00eamico quanto o enriquecimento da perman\u00eancia na universidade.<\/p>\n\n\n<?xml encoding=\"utf-8\"?><ul class=\"wp-block-ufmg-hub-links [&amp;&gt;li_a]:flex [&amp;&gt;li_a]:items-center [&amp;&gt;li_a]:justify-between [&amp;&gt;li_a]:bg-neutral-50 [&amp;&gt;li_a]:px-4 [&amp;&gt;li_a]:py-3 md:[&amp;&gt;li_a]:py-5 [&amp;&gt;li_a]:border-b [&amp;&gt;li_a]:border-b-neutral-200 [&amp;&gt;li_a]:text-primary-300 [&amp;&gt;li_a]:text-base md:[&amp;&gt;li_a]:text-lg [&amp;&gt;li_a]:font-lexend [&amp;&gt;li_a]:font-medium [&amp;&gt;li_a]:transition-colors [&amp;&gt;li_a&gt;i]:text-[1rem] md:[&amp;&gt;li_a&gt;i]:text-[1.5rem] hover:[&amp;&gt;li_a]:bg-neutral-100 hover:[&amp;&gt;li_a]:border-b-primary-300\"><li class=\" wp-block-navigation-item wp-block-navigation-link\"><a class=\"wp-block-navigation-item__content\" href=\"https:\/\/acoesafirmativas.fae.ufmg.br\/\" target=\"_blank\"><span class=\"wp-block-navigation-item__label\">Saiba mais sobre o Programa A&ccedil;&otilde;es Afirmativas na UFMG<\/span><i class=\"ti ti-chevron-right\"><\/i><\/a><\/li><\/ul>\n\n\n\n<h3 class=\"wp-block-heading\">A\u00e7\u00f5es na UFMG <\/h3>\n\n\n\n<p>A Universidade Federal de Minas Gerais (UFMG) desenvolve a\u00e7\u00f5es de inclus\u00e3o e equidade \u00e9tnico-racial e de g\u00eanero em todos os n\u00edveis da educa\u00e7\u00e3o. Na Educa\u00e7\u00e3o B\u00e1sica, promove a forma\u00e7\u00e3o de professores(as) e atividades voltadas \u00e0 valoriza\u00e7\u00e3o da diversidade e ao ensino da Hist\u00f3ria e Cultura Africana e Afro-Brasileira. Na Gradua\u00e7\u00e3o e P\u00f3s-Gradua\u00e7\u00e3o, fortalece pol\u00edticas afirmativas, ampliando a participa\u00e7\u00e3o e perman\u00eancia de grupos historicamente sub-representados. No campo da pesquisa, realiza projetos e debates que fomentam reflex\u00e3o cr\u00edtica e produ\u00e7\u00e3o acad\u00eamica sobre diversidade, educa\u00e7\u00e3o quilombola e rela\u00e7\u00f5es \u00e9tnico-raciais.<\/p>\n\n\n<?xml encoding=\"utf-8\"?><ul class=\"wp-block-ufmg-hub-links [&amp;&gt;li_a]:flex [&amp;&gt;li_a]:items-center [&amp;&gt;li_a]:justify-between [&amp;&gt;li_a]:bg-neutral-50 [&amp;&gt;li_a]:px-4 [&amp;&gt;li_a]:py-3 md:[&amp;&gt;li_a]:py-5 [&amp;&gt;li_a]:border-b [&amp;&gt;li_a]:border-b-neutral-200 [&amp;&gt;li_a]:text-primary-300 [&amp;&gt;li_a]:text-base md:[&amp;&gt;li_a]:text-lg [&amp;&gt;li_a]:font-lexend [&amp;&gt;li_a]:font-medium [&amp;&gt;li_a]:transition-colors [&amp;&gt;li_a&gt;i]:text-[1rem] md:[&amp;&gt;li_a&gt;i]:text-[1.5rem] hover:[&amp;&gt;li_a]:bg-neutral-100 hover:[&amp;&gt;li_a]:border-b-primary-300\"><li class=\" wp-block-navigation-item wp-block-navigation-link\"><a class=\"wp-block-navigation-item__content\" href=\"https:\/\/acoesafirmativas.fae.ufmg.br\/pra-quem-as-cotas\/\" target=\"_blank\"><span class=\"wp-block-navigation-item__label\">Conhe&ccedil;a o programa Pra Quem Cotas?<\/span><i class=\"ti ti-chevron-right\"><\/i><\/a><\/li>\n\n<li class=\" wp-block-navigation-item wp-block-navigation-link\"><a class=\"wp-block-navigation-item__content\" href=\"https:\/\/acoesafirmativas.fae.ufmg.br\/historia1\/\" target=\"_blank\"><span class=\"wp-block-navigation-item__label\">Conhe&ccedil;a o Curso de Aperfei&ccedil;oamento em Hist&oacute;ria e Cultura Africana e Afro-Brasileira<\/span><i class=\"ti ti-chevron-right\"><\/i><\/a><\/li>\n\n<li class=\" wp-block-navigation-item wp-block-navigation-link\"><a class=\"wp-block-navigation-item__content\" href=\"https:\/\/acoesafirmativas.fae.ufmg.br\/historia\/\" target=\"_blank\"><span class=\"wp-block-navigation-item__label\">Conhe&ccedil;a o Curso de Especializa&ccedil;&atilde;o em Hist&oacute;ria da &Aacute;frica e Cultura Afro-Brasileira: Uma Introdu&ccedil;&atilde;o &agrave; Lei 10.639\/03<\/span><i class=\"ti ti-chevron-right\"><\/i><\/a><\/li>\n\n<li class=\" wp-block-navigation-item wp-block-navigation-link\"><a class=\"wp-block-navigation-item__content\" href=\"https:\/\/acoesafirmativas.fae.ufmg.br\/historia\/\" target=\"_blank\"><span class=\"wp-block-navigation-item__label\">Curso de Especializa&ccedil;&atilde;o em Pol&iacute;ticas de Igualdade Racial na Escola<\/span><i class=\"ti ti-chevron-right\"><\/i><\/a><\/li>\n\n<li class=\" wp-block-navigation-item wp-block-navigation-link\"><a class=\"wp-block-navigation-item__content\" href=\"https:\/\/acoesafirmativas.fae.ufmg.br\/historia\/\" target=\"_blank\"><span class=\"wp-block-navigation-item__label\">Curso de Aperfei&ccedil;oamento em Pol&iacute;ticas de Igualdade Racial na Educa&ccedil;&atilde;o B&aacute;sica<\/span><i class=\"ti ti-chevron-right\"><\/i><\/a><\/li>\n\n<li class=\" wp-block-navigation-item wp-block-navigation-link\"><a class=\"wp-block-navigation-item__content\" href=\"https:\/\/acoesafirmativas.fae.ufmg.br\/historia\/\" target=\"_blank\"><span class=\"wp-block-navigation-item__label\">Curso de Aperfei&ccedil;oamento Equidade Racial na Educa&ccedil;&atilde;o Escolar Quilombola<\/span><i class=\"ti ti-chevron-right\"><\/i><\/a><\/li>\n\n<li class=\" wp-block-navigation-item wp-block-navigation-link\"><a class=\"wp-block-navigation-item__content\" href=\"https:\/\/acoesafirmativas.fae.ufmg.br\/historia\/\" target=\"_blank\"><span class=\"wp-block-navigation-item__label\">Forma&ccedil;&atilde;o Transversal em Rela&ccedil;&otilde;es &Eacute;tnico-Raciais: Hist&oacute;ria da &Aacute;frica e Cultura AfroBrasileira<\/span><i class=\"ti ti-chevron-right\"><\/i><\/a><\/li>\n\n<li class=\" wp-block-navigation-item wp-block-navigation-link\"><a class=\"wp-block-navigation-item__content\" href=\"https:\/\/acoesafirmativas.fae.ufmg.br\/historia\/\" target=\"_blank\"><span class=\"wp-block-navigation-item__label\">Diretoria de A&ccedil;&otilde;es Afirmativas<\/span><i class=\"ti ti-chevron-right\"><\/i><\/a><\/li>\n\n<li class=\" wp-block-navigation-item wp-block-navigation-link\"><a class=\"wp-block-navigation-item__content\" href=\"https:\/\/acoesafirmativas.fae.ufmg.br\/historia\/\" target=\"_blank\"><span class=\"wp-block-navigation-item__label\">Forma&ccedil;&atilde;o Pr&eacute;-Acad&ecirc;mica: Afirma&ccedil;&atilde;o na P&oacute;s<\/span><i class=\"ti ti-chevron-right\"><\/i><\/a><\/li>\n\n<li class=\" wp-block-navigation-item wp-block-navigation-link\"><a class=\"wp-block-navigation-item__content\" href=\"https:\/\/acoesafirmativas.fae.ufmg.br\/historia\/\" target=\"_blank\"><span class=\"wp-block-navigation-item__label\">N&uacute;cleo de Estudos e Pesquisas sobre Rela&ccedil;&otilde;es &Eacute;tnico-Raciais e A&ccedil;&otilde;es Afirmativas (NERA)<\/span><i class=\"ti ti-chevron-right\"><\/i><\/a><\/li>\n\n<li class=\" wp-block-navigation-item wp-block-navigation-link\"><a class=\"wp-block-navigation-item__content\" href=\"https:\/\/acoesafirmativas.fae.ufmg.br\/historia\/\" target=\"_blank\"><span class=\"wp-block-navigation-item__label\">Grupo de Estudos A&ccedil;&otilde;es Afirmativas (GEAA)<\/span><i class=\"ti ti-chevron-right\"><\/i><\/a><\/li>\n\n<li class=\" wp-block-navigation-item wp-block-navigation-link\"><a class=\"wp-block-navigation-item__content\" href=\"https:\/\/acoesafirmativas.fae.ufmg.br\/historia\/\" target=\"_blank\"><span class=\"wp-block-navigation-item__label\"> Ciclo de Debates, Palestras e Semin&aacute;rios em Educa&ccedil;&atilde;o e Rela&ccedil;&otilde;es &Eacute;tnico-Raciais<\/span><i class=\"ti ti-chevron-right\"><\/i><\/a><\/li><\/ul>\n\n\n\n<h4 class=\"wp-block-heading\">Educa\u00e7\u00e3o B\u00e1sica<\/h4>\n\n\n\n<p>O programa tamb\u00e9m atua no fortalecimento de diversas a\u00e7\u00f5es de forma\u00e7\u00e3o de professores(as) da Educa\u00e7\u00e3o B\u00e1sica, por meio de cursos de curta e longa dura\u00e7\u00e3o, palestras e semin\u00e1rios. Entre essas a\u00e7\u00f5es, destacam-se as visitas do projeto<a href=\"https:\/\/acoesafirmativas.fae.ufmg.br\/pra-quem-as-cotas\/\" data-type=\"link\" data-id=\"https:\/\/acoesafirmativas.fae.ufmg.br\/pra-quem-as-cotas\/\" target=\"_blank\" rel=\"noreferrer noopener\"> <em>Pra Quem Cotas?<\/em><\/a> a escolas de ensino fundamental e m\u00e9dio, al\u00e9m da oferta de cursos como o <a href=\"https:\/\/acoesafirmativas.fae.ufmg.br\/historia1\/\" data-type=\"link\" data-id=\"https:\/\/acoesafirmativas.fae.ufmg.br\/historia\/\" target=\"_blank\" rel=\"noreferrer noopener\">Curso de Aperfei\u00e7oamento em Hist\u00f3ria e Cultura Africana e Afro-Brasileira<\/a>, <a href=\"https:\/\/acoesafirmativas.fae.ufmg.br\/historia\/\" data-type=\"link\" data-id=\"https:\/\/acoesafirmativas.fae.ufmg.br\/historia\/\" target=\"_blank\" rel=\"noreferrer noopener\">Curso de Especializa\u00e7\u00e3o em Hist\u00f3ria da \u00c1frica e Cultura Afro-Brasileira: Uma Introdu\u00e7\u00e3o \u00e0 Lei 10.639\/03<\/a>, <a href=\"https:\/\/acoesafirmativas.fae.ufmg.br\/eppir1\/\" data-type=\"link\" data-id=\"https:\/\/acoesafirmativas.fae.ufmg.br\/eppir1\/\" target=\"_blank\" rel=\"noreferrer noopener\">Curso de Especializa\u00e7\u00e3o em Pol\u00edticas de Igualdade Racial na Escola<\/a>, <a href=\"https:\/\/acoesafirmativas.fae.ufmg.br\/eppir3\/\" data-type=\"link\" data-id=\"https:\/\/acoesafirmativas.fae.ufmg.br\/eppir3\/\" target=\"_blank\" rel=\"noreferrer noopener\">Curso de Aperfei\u00e7oamento em Pol\u00edticas de Igualdade Racial na Educa\u00e7\u00e3o B\u00e1sica<\/a> e o <a href=\"https:\/\/acoesafirmativas.fae.ufmg.br\/ereeq\/\" data-type=\"link\" data-id=\"https:\/\/acoesafirmativas.fae.ufmg.br\/ereeq\/\" target=\"_blank\" rel=\"noreferrer noopener\">Curso de Aperfei\u00e7oamento Equidade Racial na Educa\u00e7\u00e3o Escolar Quilombola<\/a>.<\/p>\n\n\n\n<h4 class=\"wp-block-heading\">Gradua\u00e7\u00e3o<\/h4>\n\n\n\n<p>Das a\u00e7\u00f5es orientadas ao fortalecer das pol\u00edticas de A\u00e7\u00f5es Afirmativas no \u00e2mbito da universidade, muitas encontram-se no percusrso da Gradua\u00e7\u00e3o. S\u00e3o algumas das a\u00e7\u00f5es desenvolvidas: Cria\u00e7\u00e3o da <a href=\"https:\/\/www.ufmg.br\/prograd\/projetos-das-formacoes-transversais\/\" data-type=\"link\" data-id=\"https:\/\/www.ufmg.br\/prograd\/projetos-das-formacoes-transversais\/\" target=\"_blank\" rel=\"noreferrer noopener\">Forma\u00e7\u00e3o Transversal em Rela\u00e7\u00f5es \u00c9tnico-Raciais: Hist\u00f3ria da \u00c1frica e Cultura AfroBrasileira<\/a>; Cria\u00e7\u00e3o da <a href=\"https:\/\/www.ufmg.br\/prae\/diretoria-de-acoes-afirmativas\/\" data-type=\"link\" data-id=\"https:\/\/www.ufmg.br\/prae\/diretoria-de-acoes-afirmativas\/\" target=\"_blank\" rel=\"noreferrer noopener\">Diretoria de A\u00e7\u00f5es Afirmativas<\/a> no \u00e2mbito da PRAE, Cria\u00e7\u00e3o da Comiss\u00e3o de Heteroidentifica\u00e7\u00e3o, <a href=\"https:\/\/acoesafirmativas.fae.ufmg.br\/pra-quem-as-cotas\/\" data-type=\"link\" data-id=\"https:\/\/acoesafirmativas.fae.ufmg.br\/pra-quem-as-cotas\/\" target=\"_blank\" rel=\"noreferrer noopener\">Projeto Pra Quem as Cotas?<\/a>, etc.<\/p>\n\n\n\n<p>Entre as a\u00e7\u00f5es voltadas ao fortalecimento das pol\u00edticas de A\u00e7\u00f5es Afirmativas no \u00e2mbito da universidade, muitas se desenvolvem no percurso da Gradua\u00e7\u00e3o. Dentre elas, destacam-se: a cria\u00e7\u00e3o da <a href=\"https:\/\/www.ufmg.br\/prograd\/projetos-das-formacoes-transversais\/\" data-type=\"link\" data-id=\"https:\/\/www.ufmg.br\/prograd\/projetos-das-formacoes-transversais\/\" target=\"_blank\" rel=\"noreferrer noopener\">Forma\u00e7\u00e3o Transversal em Rela\u00e7\u00f5es \u00c9tnico-Raciais: Hist\u00f3ria da \u00c1frica e Cultura Afro-Brasileira<\/a>, ue oferece diversas disciplinas abertas \u00e0 matr\u00edcula a cada semestre; a institui\u00e7\u00e3o da <a href=\"https:\/\/www.ufmg.br\/prae\/diretoria-de-acoes-afirmativas\/\" data-type=\"link\" data-id=\"https:\/\/www.ufmg.br\/prae\/diretoria-de-acoes-afirmativas\/\" target=\"_blank\" rel=\"noreferrer noopener\">Diretoria de A\u00e7\u00f5es Afirmativas<\/a>, vinculada \u00e0 PRAE; a forma\u00e7\u00e3o da Comiss\u00e3o de Heteroidentifica\u00e7\u00e3o; e o Projeto<a href=\"https:\/\/acoesafirmativas.fae.ufmg.br\/pra-quem-as-cotas\/\" data-type=\"link\" data-id=\"https:\/\/acoesafirmativas.fae.ufmg.br\/pra-quem-as-cotas\/\"> <em>Pra Quem as Cotas?<\/em><\/a>,  composto majoritariamente por estudantes bolsistas da gradua\u00e7\u00e3o, entre outras iniciativas.<\/p>\n\n\n\n<h4 class=\"wp-block-heading\">P\u00f3s-Gradua\u00e7\u00e3o<\/h4>\n\n\n\n<p>A <a href=\"https:\/\/acoesafirmativas.fae.ufmg.br\/pos-2\/\" data-type=\"link\" data-id=\"https:\/\/acoesafirmativas.fae.ufmg.br\/pos-2\/\" target=\"_blank\" rel=\"noreferrer noopener\">Forma\u00e7\u00e3o Pr\u00e9-Acad\u00eamica: Afirma\u00e7\u00e3o na P\u00f3s<\/a> \u00e9 uma proposta de A\u00e7\u00e3o Afirmativa voltada \u00e0 P\u00f3s-Gradua\u00e7\u00e3o, desenvolvida pelo Programa A\u00e7\u00f5es Afirmativas desde 2012. Realizada como atividade de extens\u00e3o, a iniciativa teve sua oferta ampliada em 2021 para todo o pa\u00eds, com o objetivo de preparar pessoas candidatas para os processos seletivos de programas de P\u00f3s-Gradua\u00e7\u00e3o <em>stricto sensu<\/em>, em n\u00edvel de Mestrado, tendo como refer\u00eancia as a\u00e7\u00f5es afirmativas voltadas \u00e0 popula\u00e7\u00e3o ind\u00edgena, negra, quilombola e \u00e0s pessoas trans e travestis.<\/p>\n\n\n\n<p>Em conson\u00e2ncia com a perspectiva das A\u00e7\u00f5es Afirmativas na P\u00f3s-Gradua\u00e7\u00e3o, o curso tamb\u00e9m busca fortalecer a constru\u00e7\u00e3o pol\u00edtico-identit\u00e1ria das pessoas candidatas desses grupos, contribuindo para ampliar sua presen\u00e7a e perman\u00eancia nos espa\u00e7os acad\u00eamicos.<\/p>\n\n\n\n<h4 class=\"wp-block-heading\">Pesquisa<\/h4>\n\n\n\n<p>No campo da pesquisa, o Programa A\u00e7\u00f5es Afirmativas desenvolve projetos de inicia\u00e7\u00e3o cient\u00edfica, disserta\u00e7\u00f5es e teses voltados a temas como pol\u00edticas educacionais para a diversidade, pr\u00e1ticas pedag\u00f3gicas relacionadas \u00e0 Lei 10.639\/03, educa\u00e7\u00e3o quilombola, pol\u00edticas de a\u00e7\u00f5es afirmativas, estudos sobre branquitude, al\u00e9m da hist\u00f3ria africana e afro-brasileira, entre outros. Vinculados ao programa, o <a href=\"https:\/\/acoesafirmativas.fae.ufmg.br\/nera\/\" data-type=\"link\" data-id=\"https:\/\/acoesafirmativas.fae.ufmg.br\/nera\/\" target=\"_blank\" rel=\"noreferrer noopener\">N\u00facleo de Estudos e Pesquisas sobre Rela\u00e7\u00f5es \u00c9tnico-Raciais e A\u00e7\u00f5es Afirmativas (NERA)<\/a> e o <a href=\"https:\/\/acoesafirmativas.fae.ufmg.br\/geaa\/\" data-type=\"link\" data-id=\"https:\/\/acoesafirmativas.fae.ufmg.br\/geaa\/\" target=\"_blank\" rel=\"noreferrer noopener\">Grupo de Estudos A\u00e7\u00f5es Afirmativas (GEAA)<\/a> s\u00e3o compostos por graduandos(as) de diferentes cursos da UFMG, reunidos em torno do interesse comum pela pesquisa e pela reflex\u00e3o cr\u00edtica sobre essas tem\u00e1ticas. Al\u00e9m disso, o A\u00e7\u00f5es Afirmativas realiza, desde 2002, o<a href=\"https:\/\/acoesafirmativas.fae.ufmg.br\/debates\/\" data-type=\"link\" data-id=\"https:\/\/acoesafirmativas.fae.ufmg.br\/debates\/\" target=\"_blank\" rel=\"noreferrer noopener\"> Ciclo de Debates, Palestras e Semin\u00e1rios em Educa\u00e7\u00e3o e Rela\u00e7\u00f5es \u00c9tnico-Raciais<\/a>, que busca fomentar a discuss\u00e3o te\u00f3rico-conceitual sobre educa\u00e7\u00e3o e rela\u00e7\u00f5es raciais no Brasil e no exterior.<\/p>\n\n\n\n<h3 class=\"wp-block-heading\">Diretoria de A\u00e7\u00f5es Afirmativas<\/h3>\n\n\n\n<p>A <a href=\"https:\/\/www.ufmg.br\/prae\/diretoria-de-acoes-afirmativas\/\" data-type=\"link\" data-id=\"https:\/\/www.ufmg.br\/prae\/diretoria-de-acoes-afirmativas\/\" target=\"_blank\" rel=\"noreferrer noopener\">Diretoria de Pol\u00edticas de A\u00e7\u00f5es Afirmativas<\/a> da Pr\u00f3-reitoria de Assuntos Estudantis (Prae)\u00a0acompanha a experi\u00eancia universit\u00e1ria de estudantes destinat\u00e1rios das pol\u00edticas de a\u00e7\u00f5es afirmativas, elaborando a\u00e7\u00f5es e projetos para perman\u00eancia desses estudantes na Universidade com equidade de condi\u00e7\u00f5es e reconhecimento de suas identidades.<\/p>\n\n\n\n<h3 class=\"wp-block-heading\">Comiss\u00e3o Permanente de A\u00e7\u00f5es Afirmativas e Inclus\u00e3o (CPAAI)<\/h3>\n\n\n\n<p>Criada com os objetivos de elaborar e acompanhar as pol\u00edticas de a\u00e7\u00f5es afirmativas e inclus\u00e3o para a comunidade acad\u00eamica da institui\u00e7\u00e3o e sua atua\u00e7\u00e3o no Ensino, Pesquisa e Extens\u00e3o (Gradua\u00e7\u00e3o e<br>P\u00f3s-Gradua\u00e7\u00e3o) e no servi\u00e7o p\u00fablico (doc\u00eancia e atividades administrativas). Composta de professores, servidores\u00a0t\u00e9cnico-administrativos e estudantes, a comiss\u00e3o est\u00e1 encarregada de avaliar, discutir e apresentar propostas\u00a0para as pol\u00edticas de acesso e de acompanhar o tr\u00e2mite institucional, fortalecendo os processos coletivos de formula\u00e7\u00e3o, execu\u00e7\u00e3o e monitoramento das pol\u00edticas de a\u00e7\u00f5es afirmativas.<\/p>\n\n\n\n<p><\/p>\n","protected":false},"excerpt":{"rendered":"<p>A\u00e7\u00f5es Afirmativas s\u00e3o pol\u00edticas (p\u00fablicas ou privadas) que prop\u00f5em o desenvolvimento de um conjunto articulado de pr\u00e1ticas acad\u00eamicas de acolhimento, aten\u00e7\u00e3o e apoio aos estudantes em suas necessidades para aproveitar e enriquecer sua perman\u00eancia na UFMG (forma\u00e7\u00e3o cultural, acompanhamento em sua singularidade de aprendizagem, planejamento de sua vida universit\u00e1ria, aconselhamento para sua carreira). Est\u00e3o orientadas [&hellip;]<\/p>\n","protected":false},"author":1,"featured_media":0,"parent":9841,"menu_order":0,"comment_status":"closed","ping_status":"closed","template":"","meta":{"_acf_changed":false,"footnotes":""},"class_list":["post-9857","page","type-page","status-publish","hentry"],"acf":[],"_links":{"self":[{"href":"http:\/\/150.164.63.212:9000\/portal-novo-test\/wp-json\/wp\/v2\/pages\/9857","targetHints":{"allow":["GET"]}}],"collection":[{"href":"http:\/\/150.164.63.212:9000\/portal-novo-test\/wp-json\/wp\/v2\/pages"}],"about":[{"href":"http:\/\/150.164.63.212:9000\/portal-novo-test\/wp-json\/wp\/v2\/types\/page"}],"author":[{"embeddable":true,"href":"http:\/\/150.164.63.212:9000\/portal-novo-test\/wp-json\/wp\/v2\/users\/1"}],"replies":[{"embeddable":true,"href":"http:\/\/150.164.63.212:9000\/portal-novo-test\/wp-json\/wp\/v2\/comments?post=9857"}],"version-history":[{"count":0,"href":"http:\/\/150.164.63.212:9000\/portal-novo-test\/wp-json\/wp\/v2\/pages\/9857\/revisions"}],"up":[{"embeddable":true,"href":"http:\/\/150.164.63.212:9000\/portal-novo-test\/wp-json\/wp\/v2\/pages\/9841"}],"wp:attachment":[{"href":"http:\/\/150.164.63.212:9000\/portal-novo-test\/wp-json\/wp\/v2\/media?parent=9857"}],"curies":[{"name":"wp","href":"https:\/\/api.w.org\/{rel}","templated":true}]}}